{"id":8,"date":"2020-05-08T10:24:15","date_gmt":"2020-05-08T10:24:15","guid":{"rendered":"https:\/\/comunicaservicios.com\/?page_id=8"},"modified":"2022-05-06T11:01:16","modified_gmt":"2022-05-06T11:01:16","slug":"la-carta-de-mahou","status":"publish","type":"page","link":"https:\/\/comunicaservicios.com\/","title":{"rendered":"La carta de Mahou"},"content":{"rendered":"<p>[et_pb_section bb_built=\u00bb1&#8243; fullwidth=\u00bbon\u00bb _builder_version=\u00bb3.0.47&#8243; next_background_color=\u00bb#000000&#8243;][et_pb_fullwidth_image src=\u00bbhttps:\/\/comunicaservicios.com\/wp-content\/uploads\/2020\/05\/cabecera_mahoBN.jpg\u00bb _builder_version=\u00bb3.0.106&#8243;]<\/p>\n<p>&nbsp;<\/p>\n<p>[\/et_pb_fullwidth_image][\/et_pb_section][et_pb_section bb_built=\u00bb1&#8243; background_color=\u00bb#000000&#8243; _builder_version=\u00bb3.0.106&#8243; custom_padding=\u00bb17px|0px|2px|0px\u00bb prev_background_color=\u00bb#ffffff\u00bb next_background_color=\u00bb#e00b00&#8243;][et_pb_row custom_padding=\u00bb0|0px|23.0781px|0px\u00bb _builder_version=\u00bb3.0.47&#8243; background_size=\u00bbinitial\u00bb background_position=\u00bbtop_left\u00bb background_repeat=\u00bbrepeat\u00bb][et_pb_column type=\u00bb1_3&#8243;][et_pb_image src=\u00bbhttps:\/\/comunicaservicios.com\/wp-content\/uploads\/2020\/05\/logo_covBN.jpg\u00bb _builder_version=\u00bb3.0.106&#8243;]<\/p>\n<p>&nbsp;<\/p>\n<p>[\/et_pb_image][\/et_pb_column][et_pb_column type=\u00bb2_3&#8243;][et_pb_text _builder_version=\u00bb3.0.106&#8243;]<\/p>\n<h1 style=\"text-align: left;\"><span style=\"color: #ffffff;\"><strong>TE AYUDAMOS A ADAPTAR TU NEGOCIO A LAS PAUTAS DE HIGIENE CONTRA EL <span style=\"color: #ff0000;\">COVID-19<\/span><\/strong><\/span><\/h1>\n<h3 style=\"text-align: left;\"><\/h3>\n<h3 style=\"text-align: left;\"><span style=\"color: #999999;\"><span style=\"color: #ff0000;\">Dise\u00f1amos y adaptamos tu carta a un formato digital<\/span> para que los clientes puedan acceder por medio de un c\u00f3digo QR desde su m\u00f3vil, sin necesidad de descargar ninguna aplicaci\u00f3n y sin tener que tocar ning\u00fan elemento.<\/span><\/h3>\n<p>&nbsp;<\/p>\n<h3><span style=\"color: #999999;\">Incluiremos un <span style=\"color: #ff0000;\">mapa localizador<\/span> de tu establecimiento y los horarios e informaci\u00f3n necesaria para facilitar el uso a los clientes.<\/span><\/h3>\n<p>&nbsp;<\/p>\n<h3 style=\"text-align: left;\"><span style=\"color: #999999;\">Pondremos distintos QR en varios formatos por distintas zonas de tu establecimiento para<span style=\"color: #ff0000;\"> facilitar el acceso a todos los clientes.<\/span><\/span><\/h3>\n<p>&nbsp;<\/p>\n<h3 style=\"text-align: left;\"><span style=\"color: #999999;\">Podr\u00e1s incluir en esta carta <span style=\"color: #ff0000;\">otras ofertas y promociones<\/span> que puedan ayudar a tu negocio a paliar esta situaci\u00f3n.<\/span><\/h3>\n<p>&nbsp;<\/p>\n<h3 style=\"text-align: left;\"><span style=\"color: #999999;\">El servicio estar\u00e1 <span style=\"color: #ff0000;\">activo las 24 h. del d\u00eda<\/span> desde cualquier punto con un terminal y conexi\u00f3n a internet.<\/span><\/h3>\n<p>&nbsp;<\/p>\n<h3 style=\"text-align: left;\"><span style=\"color: #999999;\">Podr\u00e1s actualizar tu carta adapt\u00e1ndola a las necesidades de los clientes.<\/span><\/h3>\n<p>&nbsp;<\/p>\n<p>[\/et_pb_text][\/et_pb_column][\/et_pb_row][\/et_pb_section][et_pb_section bb_built=\u00bb1&#8243; background_color=\u00bb#e00b00&#8243; _builder_version=\u00bb3.0.106&#8243; prev_background_color=\u00bb#000000&#8243; next_background_color=\u00bb#000000&#8243;][et_pb_row _builder_version=\u00bb3.0.106&#8243; background_size=\u00bbinitial\u00bb background_position=\u00bbtop_left\u00bb background_repeat=\u00bbrepeat\u00bb][et_pb_column type=\u00bb4_4&#8243;][et_pb_text _builder_version=\u00bb3.0.106&#8243;]<\/p>\n<h1 style=\"text-align: center;\"><strong><span style=\"color: #000000;\">No tienes que preocuparte de nada<\/span><\/strong><\/h1>\n<h3 style=\"text-align: center;\"><span style=\"color: #000000;\">Nosotros adaptaremos tu negocio a las nuevas medidas, colocaremos c\u00f3digos QR corporativos por distintas zonas de tu establecimiento y dise\u00f1aremos online tu carta para hacerla visible en los m\u00f3viles de los cliente.\u00a0<\/span><\/h3>\n<p>[\/et_pb_text][\/et_pb_column][\/et_pb_row][\/et_pb_section][et_pb_section bb_built=\u00bb1&#8243; background_color=\u00bb#000000&#8243; _builder_version=\u00bb3.0.106&#8243; custom_padding=\u00bb13px|0px|8px|0px\u00bb prev_background_color=\u00bb#e00b00&#8243; next_background_color=\u00bb#000000&#8243;][et_pb_row custom_padding=\u00bb32px|0px|0|0px\u00bb _builder_version=\u00bb3.0.47&#8243; background_size=\u00bbinitial\u00bb background_position=\u00bbtop_left\u00bb background_repeat=\u00bbrepeat\u00bb][et_pb_column type=\u00bb4_4&#8243;][et_pb_text _builder_version=\u00bb3.0.106&#8243;]<\/p>\n<h1 style=\"text-align: center;\"><strong><span style=\"color: #ff0000;\">NO ES NECESARIO DESCARGAR NINGUNA APP.<\/span><\/strong><\/h1>\n<h3 style=\"text-align: center;\"><span style=\"color: #999999;\">Funciona directamente desde la c\u00e1mara de foto de cualquier m\u00f3vil.<\/span><\/h3>\n<p>[\/et_pb_text][\/et_pb_column][\/et_pb_row][\/et_pb_section][et_pb_section bb_built=\u00bb1&#8243; background_color=\u00bb#000000&#8243; _builder_version=\u00bb3.0.106&#8243; custom_padding=\u00bb28px|0px|76px|0px\u00bb prev_background_color=\u00bb#000000&#8243; next_background_color=\u00bb#000000&#8243;][et_pb_row _builder_version=\u00bb3.0.106&#8243; background_size=\u00bbinitial\u00bb background_position=\u00bbtop_left\u00bb background_repeat=\u00bbrepeat\u00bb custom_padding=\u00bb0|0px|0|0px\u00bb][et_pb_column type=\u00bb4_4&#8243;][et_pb_divider show_divider=\u00bbon\u00bb height=\u00bb7px\u00bb _builder_version=\u00bb3.0.106&#8243; background_color=\u00bb#e00b00&#8243; max_width=\u00bb37%\u00bb module_alignment=\u00bbcenter\u00bb divider_weight=\u00bb0px\u00bb]<\/p>\n<p>&nbsp;<\/p>\n<p>[\/et_pb_divider][\/et_pb_column][\/et_pb_row][\/et_pb_section][et_pb_section bb_built=\u00bb1&#8243; background_color=\u00bb#000000&#8243; _builder_version=\u00bb3.0.106&#8243; custom_padding=\u00bb0|0px|1px|0px\u00bb prev_background_color=\u00bb#000000&#8243; next_background_color=\u00bb#000000&#8243;][et_pb_row custom_padding=\u00bb6px|0px|51px|0px\u00bb _builder_version=\u00bb3.0.47&#8243; background_size=\u00bbinitial\u00bb background_position=\u00bbtop_left\u00bb background_repeat=\u00bbrepeat\u00bb][et_pb_column type=\u00bb1_3&#8243;][et_pb_text _builder_version=\u00bb3.0.106&#8243;]<\/p>\n<h2 style=\"text-align: center;\"><span style=\"color: #999999;\">ADAPTAMOS TU NEGOCIO CON LOS <span style=\"color: #ff0000;\">C\u00d3DIGOS QR<\/span> EN DISTINTOS FORMATOS<\/span><\/h2>\n<p>[\/et_pb_text][et_pb_image src=\u00bbhttps:\/\/comunicaservicios.com\/wp-content\/uploads\/2020\/05\/bar2.jpg\u00bb _builder_version=\u00bb3.0.106&#8243;]<\/p>\n<p>&nbsp;<\/p>\n<p>[\/et_pb_image][\/et_pb_column][et_pb_column type=\u00bb1_3&#8243;][et_pb_text _builder_version=\u00bb3.0.106&#8243;]<\/p>\n<h2 style=\"text-align: center;\"><span style=\"color: #999999;\">EL CLIENTE S\u00d3LO TENDR\u00c1 QUE <span style=\"color: #ff0000;\">FOTOGRAFIAR<\/span> EL C\u00d3DIGO QR<\/span><\/h2>\n<p>[\/et_pb_text][et_pb_image src=\u00bbhttps:\/\/comunicaservicios.com\/wp-content\/uploads\/2020\/05\/movil2.jpg\u00bb _builder_version=\u00bb3.0.106&#8243;]<\/p>\n<p>&nbsp;<\/p>\n<p>[\/et_pb_image][\/et_pb_column][et_pb_column type=\u00bb1_3&#8243;][et_pb_text _builder_version=\u00bb3.0.106&#8243;]<\/p>\n<h2 style=\"text-align: center;\"><span style=\"color: #999999;\">LOS CLIENTES TENDR\u00c1N ACCESO A A<span style=\"color: #ff0000;\">\u00a0LA CARTA<\/span> Y PROMOCIONES DESDE SUS M\u00d3VILES<\/span><\/h2>\n<p>[\/et_pb_text][et_pb_image src=\u00bbhttps:\/\/comunicaservicios.com\/wp-content\/uploads\/2020\/05\/movil_carta.jpg\u00bb _builder_version=\u00bb3.0.106&#8243;]<\/p>\n<p>&nbsp;<\/p>\n<p>[\/et_pb_image][\/et_pb_column][\/et_pb_row][\/et_pb_section][et_pb_section bb_built=\u00bb1&#8243; background_color=\u00bb#000000&#8243; _builder_version=\u00bb3.0.106&#8243; custom_padding=\u00bb2px|0px|0|0px\u00bb prev_background_color=\u00bb#000000&#8243;][et_pb_row custom_padding=\u00bb0|0px|23.0781px|0px\u00bb _builder_version=\u00bb3.0.47&#8243; background_size=\u00bbinitial\u00bb background_position=\u00bbtop_left\u00bb background_repeat=\u00bbrepeat\u00bb][et_pb_column type=\u00bb1_3&#8243;][et_pb_image src=\u00bbhttps:\/\/comunicaservicios.com\/wp-content\/uploads\/2020\/05\/logomahou.jpg\u00bb _builder_version=\u00bb3.0.106&#8243;]<\/p>\n<p>&nbsp;<\/p>\n<p>[\/et_pb_image][\/et_pb_column][et_pb_column type=\u00bb2_3&#8243;][et_pb_contact_form title=\u00bb\u00bfQUIERES TU CARTA EN EL M\u00d3VIL?\u00bb module_id=\u00bbet_pb_contact_form_0&#8243; _builder_version=\u00bb3.0.106&#8243; email=\u00bbinfo@comunicaservicios.com\u00bb captcha=\u00bbon\u00bb use_redirect=\u00bboff\u00bb custom_button=\u00bboff\u00bb button_icon_placement=\u00bbright\u00bb][et_pb_contact_field field_id=\u00bbName\u00bb field_title=\u00bbNombre\u00bb _builder_version=\u00bb3.0.47&#8243; border_radii=\u00bbon||||\u00bb][\/et_pb_contact_field][et_pb_contact_field field_id=\u00bbEmail\u00bb field_title=\u00bbDirecci\u00f3n de correo electr\u00f3nico\u00bb field_type=\u00bbemail\u00bb _builder_version=\u00bb3.0.47&#8243; border_radii=\u00bbon||||\u00bb][\/et_pb_contact_field][et_pb_contact_field field_id=\u00bbMessage\u00bb field_title=\u00bbMensaje\u00bb field_type=\u00bbtext\u00bb fullwidth_field=\u00bbon\u00bb _builder_version=\u00bb3.0.47&#8243; border_radii=\u00bbon||||\u00bb][\/et_pb_contact_field][\/et_pb_contact_form][\/et_pb_column][\/et_pb_row][\/et_pb_section]<\/p>\n","protected":false},"excerpt":{"rendered":"<p>[et_pb_section bb_built=\u00bb1&#8243; fullwidth=\u00bbon\u00bb _builder_version=\u00bb3.0.47&#8243; next_background_color=\u00bb#000000&#8243;][et_pb_fullwidth_image src=\u00bbhttps:\/\/comunicaservicios.com\/wp-content\/uploads\/2020\/05\/cabecera_mahoBN.jpg\u00bb _builder_version=\u00bb3.0.106&#8243;] &nbsp; [\/et_pb_fullwidth_image][\/et_pb_section][et_pb_section bb_built=\u00bb1&#8243; background_color=\u00bb#000000&#8243; _builder_version=\u00bb3.0.106&#8243; custom_padding=\u00bb17px|0px|2px|0px\u00bb prev_background_color=\u00bb#ffffff\u00bb next_background_color=\u00bb#e00b00&#8243;][et_pb_row custom_padding=\u00bb0|0px|23.0781px|0px\u00bb _builder_version=\u00bb3.0.47&#8243; background_size=\u00bbinitial\u00bb background_position=\u00bbtop_left\u00bb background_repeat=\u00bbrepeat\u00bb][et_pb_column type=\u00bb1_3&#8243;][et_pb_image src=\u00bbhttps:\/\/comunicaservicios.com\/wp-content\/uploads\/2020\/05\/logo_covBN.jpg\u00bb _builder_version=\u00bb3.0.106&#8243;] &nbsp; [\/et_pb_image][\/et_pb_column][et_pb_column type=\u00bb2_3&#8243;][et_pb_text _builder_version=\u00bb3.0.106&#8243;] TE AYUDAMOS A ADAPTAR TU NEGOCIO A LAS PAUTAS DE HIGIENE CONTRA EL COVID-19 Dise\u00f1amos y adaptamos tu carta a un formato digital para que los clientes puedan [&hellip;]<\/p>\n","protected":false},"author":1,"featured_media":0,"parent":0,"menu_order":0,"comment_status":"closed","ping_status":"closed","template":"page-template-blank.php","meta":{"footnotes":""},"class_list":["post-8","page","type-page","status-publish","hentry"],"_links":{"self":[{"href":"https:\/\/comunicaservicios.com\/index.php\/wp-json\/wp\/v2\/pages\/8","targetHints":{"allow":["GET"]}}],"collection":[{"href":"https:\/\/comunicaservicios.com\/index.php\/wp-json\/wp\/v2\/pages"}],"about":[{"href":"https:\/\/comunicaservicios.com\/index.php\/wp-json\/wp\/v2\/types\/page"}],"author":[{"embeddable":true,"href":"https:\/\/comunicaservicios.com\/index.php\/wp-json\/wp\/v2\/users\/1"}],"replies":[{"embeddable":true,"href":"https:\/\/comunicaservicios.com\/index.php\/wp-json\/wp\/v2\/comments?post=8"}],"version-history":[{"count":43,"href":"https:\/\/comunicaservicios.com\/index.php\/wp-json\/wp\/v2\/pages\/8\/revisions"}],"predecessor-version":[{"id":79,"href":"https:\/\/comunicaservicios.com\/index.php\/wp-json\/wp\/v2\/pages\/8\/revisions\/79"}],"wp:attachment":[{"href":"https:\/\/comunicaservicios.com\/index.php\/wp-json\/wp\/v2\/media?parent=8"}],"curies":[{"name":"wp","href":"https:\/\/api.w.org\/{rel}","templated":true}]}}